{"id":461,"date":"2024-11-12T09:25:22","date_gmt":"2024-11-12T09:25:22","guid":{"rendered":"https:\/\/sumoabogados.com\/?page_id=461"},"modified":"2025-04-09T10:12:36","modified_gmt":"2025-04-09T10:12:36","slug":"sobre-nosotros","status":"publish","type":"page","link":"https:\/\/sumoabogados.com\/?page_id=461","title":{"rendered":"SOBRE NOSOTROS"},"content":{"rendered":"\t\t<div data-elementor-type=\"wp-page\" data-elementor-id=\"461\" class=\"elementor elementor-461\">\n\t\t\t\t\t\t<section class=\"elementor-section elementor-top-section elementor-element elementor-element-61714f8c6 elementor-section-height-min-height elementor-section-content-top elementor-hidden-tablet elementor-hidden-mobile elementor-section-boxed elementor-section-height-default elementor-section-items-middle wpr-particle-no wpr-jarallax-no wpr-parallax-no wpr-sticky-section-no\" data-id=\"61714f8c6\" data-element_type=\"section\" data-e-type=\"section\" data-settings=\"{&quot;background_background&quot;:&quot;classic&quot;}\">\n\t\t\t\t\t\t\t<div class=\"elementor-background-overlay\"><\/div>\n\t\t\t\t\t\t\t<div class=\"elementor-container elementor-column-gap-default\">\n\t\t\t\t\t<div class=\"elementor-column elementor-col-100 elementor-top-column elementor-element elementor-element-10c5041\" data-id=\"10c5041\" data-element_type=\"column\" data-e-type=\"column\">\n\t\t\t<div class=\"elementor-widget-wrap\">\n\t\t\t\t\t\t\t<\/div>\n\t\t<\/div>\n\t\t\t\t\t<\/div>\n\t\t<\/section>\n\t\t<div class=\"elementor-element elementor-element-27d79e8 elementor-hidden-desktop elementor-hidden-mobile e-flex e-con-boxed wpr-particle-no wpr-jarallax-no wpr-parallax-no wpr-sticky-section-no e-con e-parent\" data-id=\"27d79e8\" data-element_type=\"container\" data-e-type=\"container\">\n\t\t\t\t\t<div class=\"e-con-inner\">\n\t\t\t\t<div class=\"elementor-element elementor-element-b45e650 elementor-widget elementor-widget-image\" data-id=\"b45e650\" data-element_type=\"widget\" data-e-type=\"widget\" data-widget_type=\"image.default\">\n\t\t\t\t<div class=\"elementor-widget-container\">\n\t\t\t\t\t\t\t\t\t\t\t\t\t\t\t<img fetchpriority=\"high\" decoding=\"async\" width=\"1024\" height=\"401\" src=\"https:\/\/sumoabogados.com\/wp-content\/uploads\/2024\/11\/Julian-C.-Suero-Moreno-1024x401.png\" class=\"attachment-large size-large wp-image-618\" alt=\"\" srcset=\"https:\/\/sumoabogados.com\/wp-content\/uploads\/2024\/11\/Julian-C.-Suero-Moreno-1024x401.png 1024w, https:\/\/sumoabogados.com\/wp-content\/uploads\/2024\/11\/Julian-C.-Suero-Moreno-300x118.png 300w, https:\/\/sumoabogados.com\/wp-content\/uploads\/2024\/11\/Julian-C.-Suero-Moreno-768x301.png 768w, https:\/\/sumoabogados.com\/wp-content\/uploads\/2024\/11\/Julian-C.-Suero-Moreno-1536x602.png 1536w, https:\/\/sumoabogados.com\/wp-content\/uploads\/2024\/11\/Julian-C.-Suero-Moreno.png 1920w\" sizes=\"(max-width: 1024px) 100vw, 1024px\" \/>\t\t\t\t\t\t\t\t\t\t\t\t\t\t\t<\/div>\n\t\t\t\t<\/div>\n\t\t\t\t\t<\/div>\n\t\t\t\t<\/div>\n\t\t<div class=\"elementor-element elementor-element-b72807b elementor-hidden-desktop elementor-hidden-tablet e-flex e-con-boxed wpr-particle-no wpr-jarallax-no wpr-parallax-no wpr-sticky-section-no e-con e-parent\" data-id=\"b72807b\" data-element_type=\"container\" data-e-type=\"container\">\n\t\t\t\t\t<div class=\"e-con-inner\">\n\t\t\t\t<div class=\"elementor-element elementor-element-2479467 elementor-hidden-desktop elementor-hidden-tablet elementor-widget elementor-widget-image\" data-id=\"2479467\" data-element_type=\"widget\" data-e-type=\"widget\" data-widget_type=\"image.default\">\n\t\t\t\t<div class=\"elementor-widget-container\">\n\t\t\t\t\t\t\t\t\t\t\t\t\t\t\t<img decoding=\"async\" width=\"1024\" height=\"538\" src=\"https:\/\/sumoabogados.com\/wp-content\/uploads\/2024\/11\/Julian-C.-Suero-Moreno-copia-1024x538.png\" class=\"attachment-large size-large wp-image-625\" alt=\"\" srcset=\"https:\/\/sumoabogados.com\/wp-content\/uploads\/2024\/11\/Julian-C.-Suero-Moreno-copia-1024x538.png 1024w, https:\/\/sumoabogados.com\/wp-content\/uploads\/2024\/11\/Julian-C.-Suero-Moreno-copia-300x158.png 300w, https:\/\/sumoabogados.com\/wp-content\/uploads\/2024\/11\/Julian-C.-Suero-Moreno-copia-768x404.png 768w, https:\/\/sumoabogados.com\/wp-content\/uploads\/2024\/11\/Julian-C.-Suero-Moreno-copia.png 1430w\" sizes=\"(max-width: 1024px) 100vw, 1024px\" \/>\t\t\t\t\t\t\t\t\t\t\t\t\t\t\t<\/div>\n\t\t\t\t<\/div>\n\t\t\t\t\t<\/div>\n\t\t\t\t<\/div>\n\t\t<div class=\"elementor-element elementor-element-47a5f96 elementor-hidden-desktop elementor-hidden-tablet e-flex e-con-boxed wpr-particle-no wpr-jarallax-no wpr-parallax-no wpr-sticky-section-no e-con e-parent\" data-id=\"47a5f96\" data-element_type=\"container\" data-e-type=\"container\">\n\t\t\t\t\t<div class=\"e-con-inner\">\n\t\t\t\t<div class=\"elementor-element elementor-element-b6937f0 elementor-widget elementor-widget-image\" data-id=\"b6937f0\" data-element_type=\"widget\" data-e-type=\"widget\" data-widget_type=\"image.default\">\n\t\t\t\t<div class=\"elementor-widget-container\">\n\t\t\t\t\t\t\t\t\t\t\t\t\t\t\t<img decoding=\"async\" width=\"620\" height=\"752\" src=\"https:\/\/sumoabogados.com\/wp-content\/uploads\/2024\/11\/MOVIL1-1.png\" class=\"attachment-large size-large wp-image-649\" alt=\"\" srcset=\"https:\/\/sumoabogados.com\/wp-content\/uploads\/2024\/11\/MOVIL1-1.png 620w, https:\/\/sumoabogados.com\/wp-content\/uploads\/2024\/11\/MOVIL1-1-247x300.png 247w\" sizes=\"(max-width: 620px) 100vw, 620px\" \/>\t\t\t\t\t\t\t\t\t\t\t\t\t\t\t<\/div>\n\t\t\t\t<\/div>\n\t\t\t\t\t<\/div>\n\t\t\t\t<\/div>\n\t\t<div class=\"elementor-element elementor-element-dc3a79b e-flex e-con-boxed wpr-particle-no wpr-jarallax-no wpr-parallax-no wpr-sticky-section-no e-con e-parent\" data-id=\"dc3a79b\" data-element_type=\"container\" data-e-type=\"container\">\n\t\t\t\t\t<div class=\"e-con-inner\">\n\t\t<div class=\"elementor-element elementor-element-0efb28f e-con-full e-flex wpr-particle-no wpr-jarallax-no wpr-parallax-no wpr-sticky-section-no e-con e-child\" data-id=\"0efb28f\" data-element_type=\"container\" data-e-type=\"container\">\n\t\t\t\t<\/div>\n\t\t<div class=\"elementor-element elementor-element-6241d83 e-con-full e-flex wpr-particle-no wpr-jarallax-no wpr-parallax-no wpr-sticky-section-no e-con e-child\" data-id=\"6241d83\" data-element_type=\"container\" data-e-type=\"container\">\n\t\t\t\t<div class=\"elementor-element elementor-element-2ef3b74 elementor-widget elementor-widget-text-editor\" data-id=\"2ef3b74\" data-element_type=\"widget\" data-e-type=\"widget\" data-widget_type=\"text-editor.default\">\n\t\t\t\t<div class=\"elementor-widget-container\">\n\t\t\t\t\t\t\t\t\t<p><strong>Perfil<\/strong><\/p><p>Juli\u00e1n C. Suero es abogado en ejercicio desde 1995, colegiado Ilustre Colegio de Abogados Badajoz.<br \/>Amplia experiencia en procedimientos concursales, reestructuraciones e insolvencias.<\/p><p><em>Estudios:<\/em><\/p><ul><li>2021 Experto Concursal por Universidad Juan Carlos I.<\/li><li>2002 Diploma de Estudios Avanzados en D\u00ba P\u00fablico, especialidad Derecho Medioambiental por la UNED.<\/li><li>1990 Diplomatura Asesor\u00eda Jur\u00eddica Empresas por ICADE.<\/li><li>1990 Licenciatura en Derecho por ICADE.<\/li><\/ul><p>Sus idiomas de trabajo son el Ingl\u00e9s y el Castellano.<\/p><p><strong>Experiencia<\/strong><\/p><p>Inici\u00f3 su carrera profesional como personal contratado en la Consejer\u00eda de Econom\u00eda y Hacienda de la Junta de Extremadura, donde particip\u00f3 en la elaboraci\u00f3n de Anteproyectos de Ley del Juego y Ley de tasas y precios p\u00fablicos.<br \/>Dirigi\u00f3 el grupo de empresas familiares compuesto de las Sociedades Instituto CEO, Inmam\u00e9rida, Imaginis\u00a0 -Creadores de marca personal desde 1998 hasta 2015- y SUMO Abogados. <br \/>En el 2015 desarroll\u00f3 su labor como abogado y administrador concursal con SUMO Abogados y financieros.<\/p><ul><li>Mentor para la Junta de Extremadura.<\/li><li>Mentor en ICADE para alumnos de la universidad.<\/li><\/ul><p>Su \u00e1rea de actividad se centra en el Derecho de Empresa. Amplia experiencia en procedimientos concursales, reestructuraciones, refinanciaciones, fusiones y adquisiciones, contratos de franquicias, delitos econ\u00f3micos, trabajo y acuerdos de regulaci\u00f3n de empleo. Especializado en empresas familiares, en liquidaci\u00f3n y gesti\u00f3n de patrimonios familiares.<br \/>Desarrolla su funci\u00f3n de Letrado Asesor de empresas bajo un modelo \u00fanico de clientes con dedicaci\u00f3n 24\/7.<\/p><p><strong>Colaboraciones<\/strong><\/p><ul><li>Profesor de Instituto CEO.<\/li><li>Cursos de especializaci\u00f3n de Empresa.<\/li><\/ul>\t\t\t\t\t\t\t\t<\/div>\n\t\t\t\t<\/div>\n\t\t\t\t<\/div>\n\t\t<div class=\"elementor-element elementor-element-83af7c4 e-con-full e-flex wpr-particle-no wpr-jarallax-no wpr-parallax-no wpr-sticky-section-no e-con e-child\" data-id=\"83af7c4\" data-element_type=\"container\" data-e-type=\"container\">\n\t\t\t\t<div class=\"elementor-element elementor-element-2648c04 elementor-widget elementor-widget-text-editor\" data-id=\"2648c04\" data-element_type=\"widget\" data-e-type=\"widget\" data-widget_type=\"text-editor.default\">\n\t\t\t\t<div class=\"elementor-widget-container\">\n\t\t\t\t\t\t\t\t\t<p><strong>Contacto<\/strong><\/p><p>julian@gruposumo.com<\/p><p>T: +34 924315818<br \/>M: +34 64601978<\/p><p>C\/ Concejo N\u00ba 29, M\u00e9rida, Badajoz, ESPA\u00d1A<\/p>\t\t\t\t\t\t\t\t<\/div>\n\t\t\t\t<\/div>\n\t\t\t\t<\/div>\n\t\t\t\t\t<\/div>\n\t\t\t\t<\/div>\n\t\t\t\t<\/div>\n\t\t","protected":false},"excerpt":{"rendered":"<p>Perfil Juli\u00e1n C. Suero es abogado en ejercicio desde 1995, colegiado Ilustre Colegio de Abogados Badajoz.Amplia experiencia en procedimientos concursales, reestructuraciones e insolvencias. Estudios: 2021 Experto Concursal por Universidad Juan Carlos I. 2002 Diploma de Estudios Avanzados en D\u00ba P\u00fablico, especialidad Derecho Medioambiental por la UNED. 1990 Diplomatura Asesor\u00eda Jur\u00eddica Empresas por ICADE. 1990 Licenciatura en Derecho por ICADE. Sus idiomas de trabajo son el Ingl\u00e9s y el Castellano. Experiencia Inici\u00f3 su carrera profesional como personal contratado en la Consejer\u00eda de Econom\u00eda y Hacienda de la Junta de Extremadura, donde particip\u00f3 en la elaboraci\u00f3n de Anteproyectos de Ley del Juego y Ley de tasas y precios p\u00fablicos.Dirigi\u00f3 el grupo de empresas familiares compuesto de las Sociedades Instituto CEO, Inmam\u00e9rida, Imaginis\u00a0 -Creadores de marca personal desde 1998 hasta 2015- y SUMO Abogados. En el 2015 desarroll\u00f3 su labor como abogado y administrador concursal con SUMO Abogados y financieros. Mentor para la Junta de Extremadura. Mentor en ICADE para alumnos de la universidad. Su \u00e1rea de actividad se centra en el Derecho de Empresa. Amplia experiencia en procedimientos concursales, reestructuraciones, refinanciaciones, fusiones y adquisiciones, contratos de franquicias, delitos econ\u00f3micos, trabajo y acuerdos de regulaci\u00f3n de empleo. Especializado en empresas familiares, en liquidaci\u00f3n y gesti\u00f3n de patrimonios familiares.Desarrolla su funci\u00f3n de Letrado Asesor de empresas bajo un modelo \u00fanico de clientes con dedicaci\u00f3n 24\/7. Colaboraciones Profesor de Instituto CEO. Cursos de especializaci\u00f3n de Empresa. Contacto julian@gruposumo.com T: +34 924315818M: +34 64601978 C\/ Concejo N\u00ba 29, M\u00e9rida, Badajoz, ESPA\u00d1A<\/p>\n","protected":false},"author":1,"featured_media":0,"parent":0,"menu_order":0,"comment_status":"closed","ping_status":"closed","template":"","meta":{"site-sidebar-layout":"no-sidebar","site-content-layout":"","ast-site-content-layout":"full-width-container","site-content-style":"default","site-sidebar-style":"default","ast-global-header-display":"","ast-banner-title-visibility":"","ast-main-header-display":"","ast-hfb-above-header-display":"","ast-hfb-below-header-display":"","ast-hfb-mobile-header-display":"","site-post-title":"disabled","ast-breadcrumbs-content":"","ast-featured-img":"disabled","footer-sml-layout":"","ast-disable-related-posts":"","theme-transparent-header-meta":"","adv-header-id-meta":"","stick-header-meta":"","header-above-stick-meta":"","header-main-stick-meta":"","header-below-stick-meta":"","astra-migrate-meta-layouts":"default","ast-page-background-enabled":"default","ast-page-background-meta":{"desktop":{"background-color":"var(--ast-global-color-4)","background-image":"","background-repeat":"repeat","background-position":"center center","background-size":"auto","background-attachment":"scroll","background-type":"","background-media":"","overlay-type":"","overlay-color":"","overlay-opacity":"","overlay-gradient":""},"tablet":{"background-color":"","background-image":"","background-repeat":"repeat","background-position":"center center","background-size":"auto","background-attachment":"scroll","background-type":"","background-media":"","overlay-type":"","overlay-color":"","overlay-opacity":"","overlay-gradient":""},"mobile":{"background-color":"","background-image":"","background-repeat":"repeat","background-position":"center center","background-size":"auto","background-attachment":"scroll","background-type":"","background-media":"","overlay-type":"","overlay-color":"","overlay-opacity":"","overlay-gradient":""}},"ast-content-background-meta":{"desktop":{"background-color":"var(--ast-global-color-5)","background-image":"","background-repeat":"repeat","background-position":"center center","background-size":"auto","background-attachment":"scroll","background-type":"","background-media":"","overlay-type":"","overlay-color":"","overlay-opacity":"","overlay-gradient":""},"tablet":{"background-color":"var(--ast-global-color-5)","background-image":"","background-repeat":"repeat","background-position":"center center","background-size":"auto","background-attachment":"scroll","background-type":"","background-media":"","overlay-type":"","overlay-color":"","overlay-opacity":"","overlay-gradient":""},"mobile":{"background-color":"var(--ast-global-color-5)","background-image":"","background-repeat":"repeat","background-position":"center center","background-size":"auto","background-attachment":"scroll","background-type":"","background-media":"","overlay-type":"","overlay-color":"","overlay-opacity":"","overlay-gradient":""}},"footnotes":""},"class_list":["post-461","page","type-page","status-publish","hentry"],"_links":{"self":[{"href":"https:\/\/sumoabogados.com\/index.php?rest_route=\/wp\/v2\/pages\/461","targetHints":{"allow":["GET"]}}],"collection":[{"href":"https:\/\/sumoabogados.com\/index.php?rest_route=\/wp\/v2\/pages"}],"about":[{"href":"https:\/\/sumoabogados.com\/index.php?rest_route=\/wp\/v2\/types\/page"}],"author":[{"embeddable":true,"href":"https:\/\/sumoabogados.com\/index.php?rest_route=\/wp\/v2\/users\/1"}],"replies":[{"embeddable":true,"href":"https:\/\/sumoabogados.com\/index.php?rest_route=%2Fwp%2Fv2%2Fcomments&post=461"}],"version-history":[{"count":172,"href":"https:\/\/sumoabogados.com\/index.php?rest_route=\/wp\/v2\/pages\/461\/revisions"}],"predecessor-version":[{"id":870,"href":"https:\/\/sumoabogados.com\/index.php?rest_route=\/wp\/v2\/pages\/461\/revisions\/870"}],"wp:attachment":[{"href":"https:\/\/sumoabogados.com\/index.php?rest_route=%2Fwp%2Fv2%2Fmedia&parent=461"}],"curies":[{"name":"wp","href":"https:\/\/api.w.org\/{rel}","templated":true}]}}